{"id":208,"date":"2016-06-05T22:02:49","date_gmt":"2016-06-05T20:02:49","guid":{"rendered":"http:\/\/localhost\/ggz-publicatie\/?page_id=208"},"modified":"2018-02-21T12:41:06","modified_gmt":"2018-02-21T11:41:06","slug":"5d-in-de-regio-gooi-vechtstreek","status":"publish","type":"page","link":"https:\/\/ggzcentraal-publicatie.nl\/midden-in-de-maatschappij\/5d-in-de-regio-gooi-vechtstreek\/","title":{"rendered":"5d- In de regio Gooi &amp; Vechtstreek"},"content":{"rendered":"<div class=\"fusion-fullwidth fullwidth-box fusion-builder-row-1 hundred-percent-fullwidth non-hundred-percent-height-scrolling\" style=\"--awb-border-radius-top-left:0px;--awb-border-radius-top-right:0px;--awb-border-radius-bottom-right:0px;--awb-border-radius-bottom-left:0px;--awb-overflow:visible;--awb-flex-wrap:wrap;\" ><div class=\"fusion-builder-row fusion-row\"><div class=\"fusion-layout-column fusion_builder_column fusion-builder-column-0 fusion_builder_column_1_2 1_2 fusion-one-half fusion-column-first\" style=\"--awb-bg-size:cover;width:48%; margin-right: 4%;\"><div class=\"fusion-column-wrapper fusion-flex-column-wrapper-legacy\"><div class=\"fusion-text fusion-text-1\"><p>Midden in de maatschappij, letterlijk in hartje Hilversum en Bussum, staan locaties van GGz Centraal Gooi &amp; Vechtstreek. Meijering: \u2018Dit is een dynamische regio op een steenworp afstand van Amsterdam. Met inzet van onze drie (F)ACT- teams, IHT-team (intensive hometreatment ) en onze specialistische behandelprogramma\u2019s bieden we de zorg zoveel mogelijk ambulant aan. Indien ge\u00efndiceerd kan een kortdurende opname plaatsvinden. Behandeling op deze afdeling is gericht op het laten hervinden van de regie door de pati\u00ebnt en is bedoeld als intermezzo binnen een ambulant behandeltraject. Pati\u00ebnten worden kort maar intensief behandeld met als doel ze weer in evenwicht te brengen. Vervolgens kunnen ze in hun eigen omgeving, in goed overleg met naastbetrokkenen, met hulp van ambulante behandelaren en andere samenwerkingspartners, verder herstellen. De acute-opnameafdeling werkt volgens de principes van het HIC-model. We zetten hier hoog in op het terugdringen van dwang- en drangtoepassingen, gastvrije zorg en we hechten aan een goede relatie met de naastbetrokkenen en betrekken hen, indien\u00a0ge\u00efndiceerd, bij de behandeling.<b>\u00a0<\/b><\/p>\n<h3><\/h3>\n<\/div><div class=\"fusion-sep-clear\"><\/div><div class=\"fusion-separator fusion-has-icon fusion-full-width-sep\" style=\"margin-left: auto;margin-right: auto;margin-top:20px;margin-bottom:30px;width:100%;\"><div class=\"fusion-separator-border sep-single sep-dotted\" style=\"--awb-height:20px;--awb-amount:20px;border-color:#e2004a;border-top-width:1px;\"><\/div><span class=\"icon-wrapper\" style=\"border-color:#e2004a;background-color:rgba(255,255,255,0);font-size:16px;width: 1.75em; height: 1.75em;border-width:1px;padding:1px;margin-top:-0.5px\"><i class=\" fa fa-quote-left\" style=\"font-size: inherit;color:#e2004a;\" aria-hidden=\"true\"><\/i><\/span><div class=\"fusion-separator-border sep-single sep-dotted\" style=\"--awb-height:20px;--awb-amount:20px;border-color:#e2004a;border-top-width:1px;\"><\/div><\/div><div class=\"fusion-sep-clear\"><\/div><div class=\"fusion-text fusion-text-2\"><h2><em>&#8220;We zetten hier hoog in op het terugdringen van dwang- en drangtoepassingen en gastvrije zorg. Ook hechten we aan een goede relatie met de naastbetrokkenen.&#8221;<\/em><\/h2>\n<\/div><div class=\"fusion-sep-clear\"><\/div><div class=\"fusion-separator fusion-has-icon fusion-full-width-sep\" style=\"margin-left: auto;margin-right: auto;margin-top:10px;margin-bottom:40px;width:100%;\"><div class=\"fusion-separator-border sep-single sep-dotted\" style=\"--awb-height:20px;--awb-amount:20px;border-color:#e2004a;border-top-width:1px;\"><\/div><span class=\"icon-wrapper\" style=\"border-color:#e2004a;background-color:rgba(255,255,255,0);font-size:16px;width: 1.75em; height: 1.75em;border-width:1px;padding:1px;margin-top:-0.5px\"><i class=\" fa fa-quote-right\" style=\"font-size: inherit;color:#e2004a;\" aria-hidden=\"true\"><\/i><\/span><div class=\"fusion-separator-border sep-single sep-dotted\" style=\"--awb-height:20px;--awb-amount:20px;border-color:#e2004a;border-top-width:1px;\"><\/div><\/div><div class=\"fusion-sep-clear\"><\/div><div class=\"fusion-text fusion-text-3\"><h3>op vraag van cli\u00ebnt, huisarts en gemeente<\/h3>\n<p>Harteveld vult aan: \u2018Gebaseerd op de zorgvraag van de cli\u00ebnt, na verwijzing door de huisarts, maken wij in overleg met de pati\u00ebnt een behandelplan. Huisartsen en politie kunnen ook buiten kantoortijden naar onze crisisdienst verwijzen.<\/p>\n<p>Via de gemeenten worden wij gevraagd voor consultatie en advies ten aanzien van bijvoorbeeld zorgmijdende en eventueel overlastgevende inwoners. Wij werken rondom deze casussen intensief samen met andere zorgaanbieders. We gaan komend jaar nog meer aansluiten bij bestaande zorg-netwerken, zoals huisartsen en teams in de wijken in de grotere gemeenten Hilversum, Huizen en Gooise Meren. Het organiseren van goede ggz vergt korte lijnen en dat mensen elkaar goed kennen. Gooi &amp; Vechtstreek heeft daarin al een lange traditie onder andere door de oprichting van het ACT-team als gezamenlijk project; dat netwerk bouwen we nu uit.<\/p>\n<\/div><div class=\"fusion-clearfix\"><\/div><\/div><\/div><div class=\"fusion-layout-column fusion_builder_column fusion-builder-column-1 fusion_builder_column_1_2 1_2 fusion-one-half fusion-column-last\" style=\"--awb-bg-size:cover;width:48%;\"><div class=\"fusion-column-wrapper fusion-flex-column-wrapper-legacy\"><div class=\"fusion-text fusion-text-4\"><p>Een mooi voorbeeld van zo\u2019n samenwerking is de crisisbeoordelingskamer die samen met de politie in \u2019t Gooi is ontwikkeld. Deze kamer voorkomt dat\u00a0verwarde mensen\u00a0onnodig in een politiecel worden gezet; dit kan immers de crisis verergeren en de herstelduur verlengen.<\/p>\n<p>Samen met collega (ggz) aanbieders en gemeenten ontwikkelen we ook nieuwe zorgarrangementen, met name voor mensen met ernstige psychiatrische aandoeningen (EPA). Deze arrangementen omvatten meer dan alleen de specialistische behandeling die wij bieden. Samen zoeken we naar slimme oplossingen, passend bij de vraag van de cli\u00ebnt en zijn omgeving; herstelbevorderend \u00e9n opnamevoorkomend. Want ook aan het maatschappelijk herstel van cli\u00ebnten wordt hard gewerkt. Wij kiezen voor een individuele aanpak en zetten IPS-medewerkers (individuele plaatsing en steun) in die \u2013 vanuit de FACT-teams \u2013 cli\u00ebnten begeleiden richting (betaald) werk.\u2019<\/p>\n<h3>expertise gebundeld<\/h3>\n<p>In Laren bevindt zich h\u00e9t centrum voor psychiatrie &amp; verslaving \u00e9n neuropsychiatrie (NAH): Juliana-Oord. Hier is alle expertise rondom verslaving en (neuro)psychiatrie van GGz Centraal nu gebundeld. Meijering: \u2018Het multidisciplinaire team richt zich op een diagnose, het onder controle krijgen van het verslavingsprobleem \u00e9n op het behandelen van de psychiatrische stoornis. Dit alles in nauw omschreven zorgpaden volgens de laatste richtlijnen. Mensen leren hier omgaan met hun psychiatrische stoornis en hun verslaving, worden behandeld en krijgen inzicht in hun mogelijkheden en beperkingen en worden begeleid bij de acceptatie en verwerking daarvan. Daarnaast werken ze aan het opbouwen van een zinvolle dagbesteding en het vergroten van hun sociaal netwerk.\u2019<\/p>\n<\/div><div class=\"fusion-text fusion-text-5\"><h3>dat geeft vertrouwen<\/h3>\n<p>Hoe kijkt de directie naar de toekomst? Harteveld: \u2018Misschien zo simpel als dit: wij voelen onze maatschappelijke verantwoordelijkheid en willen dat de specialistische ggz in deze regio beschikbaar is voor iedere cli\u00ebnt met een (ernstige) psychiatrische stoornis eventueel in combinatie met verslavingsproblematiek. En voor vragen uit hun omgeving. Wij onderscheiden ons van de andere ggz-aanbieders door onze expertise en mogelijkheden op het gebied van de ernstige en complexe aandoeningen.\u2019 Meijering: \u2018Het mag wel eens hardop worden gezegd: wij zijn trots op onze medewerkers! Er werken hier hele kundige en betrokken mensen, dat geeft veel vertrouwen. Ik zou met een gerust hart familie of vrienden naar een van onze teams verwijzen.\u2019<\/p>\n<\/div><div class=\"fusion-clearfix\"><\/div><\/div><\/div><\/div><\/div>\n","protected":false},"excerpt":{"rendered":"","protected":false},"author":6,"featured_media":0,"parent":0,"menu_order":0,"comment_status":"closed","ping_status":"closed","template":"","meta":{"_exactmetrics_skip_tracking":false,"_exactmetrics_sitenote_active":false,"_exactmetrics_sitenote_note":"","_exactmetrics_sitenote_category":0,"footnotes":""},"class_list":["post-208","page","type-page","status-publish","hentry"],"_links":{"self":[{"href":"https:\/\/ggzcentraal-publicatie.nl\/midden-in-de-maatschappij\/wp-json\/wp\/v2\/pages\/208","targetHints":{"allow":["GET"]}}],"collection":[{"href":"https:\/\/ggzcentraal-publicatie.nl\/midden-in-de-maatschappij\/wp-json\/wp\/v2\/pages"}],"about":[{"href":"https:\/\/ggzcentraal-publicatie.nl\/midden-in-de-maatschappij\/wp-json\/wp\/v2\/types\/page"}],"author":[{"embeddable":true,"href":"https:\/\/ggzcentraal-publicatie.nl\/midden-in-de-maatschappij\/wp-json\/wp\/v2\/users\/6"}],"replies":[{"embeddable":true,"href":"https:\/\/ggzcentraal-publicatie.nl\/midden-in-de-maatschappij\/wp-json\/wp\/v2\/comments?post=208"}],"version-history":[{"count":2,"href":"https:\/\/ggzcentraal-publicatie.nl\/midden-in-de-maatschappij\/wp-json\/wp\/v2\/pages\/208\/revisions"}],"predecessor-version":[{"id":523,"href":"https:\/\/ggzcentraal-publicatie.nl\/midden-in-de-maatschappij\/wp-json\/wp\/v2\/pages\/208\/revisions\/523"}],"wp:attachment":[{"href":"https:\/\/ggzcentraal-publicatie.nl\/midden-in-de-maatschappij\/wp-json\/wp\/v2\/media?parent=208"}],"curies":[{"name":"wp","href":"https:\/\/api.w.org\/{rel}","templated":true}]}}