{"id":201,"date":"2016-06-05T20:49:49","date_gmt":"2016-06-05T18:49:49","guid":{"rendered":"http:\/\/localhost\/ggz-publicatie\/?page_id=201"},"modified":"2018-02-21T12:41:06","modified_gmt":"2018-02-21T11:41:06","slug":"5c-in-de-regio-flevoland","status":"publish","type":"page","link":"https:\/\/ggzcentraal-publicatie.nl\/midden-in-de-maatschappij\/5c-in-de-regio-flevoland\/","title":{"rendered":"5c- in de regio Flevoland"},"content":{"rendered":"<div class=\"fusion-fullwidth fullwidth-box fusion-builder-row-1 hundred-percent-fullwidth non-hundred-percent-height-scrolling\" style=\"--awb-border-radius-top-left:0px;--awb-border-radius-top-right:0px;--awb-border-radius-bottom-right:0px;--awb-border-radius-bottom-left:0px;--awb-overflow:visible;--awb-flex-wrap:wrap;\" ><div class=\"fusion-builder-row fusion-row\"><div class=\"fusion-layout-column fusion_builder_column fusion-builder-column-0 fusion_builder_column_1_2 1_2 fusion-one-half fusion-column-first\" style=\"--awb-bg-size:cover;width:48%; margin-right: 4%;\"><div class=\"fusion-column-wrapper fusion-flex-column-wrapper-legacy\"><div class=\"fusion-text fusion-text-1\"><p>Vanuit locaties in Almere, Emmeloord en Lelystad biedt GGz Centraal specialistische geestelijke gezondheidszorg in de regio Flevoland. Schouten: \u2018In deze regio &#8211; met ongeveer 400.000 inwoners \u2013 zijn we bezig een zorgvuldig evenwicht te cre\u00ebren tussen zorg aan huis en zorg in de kliniek. Naast ambulante behandeling bieden we psychiatrische intensieve thuiszorg en klinische behandeling; we hebben een 24-uurs psychiatrische crisisdienst en opnameklinieken in Almere en Lelystad. Daarnaast hebben we expertise voor de behandeling van veel verschillende doelgroepen in huis. Deze combinatie zorgt ervoor dat we complexe problematiek kunnen behandelen.\u2019<\/p>\n<\/div><div class=\"fusion-text fusion-text-2\"><h3>nauwe samenwerking<\/h3>\n<p>\u2018Het organiseren van goede zorg vergt nauwe samenwerking met andere zorgaanbieders: collega ggz-aanbieders maar ook zorgaanbieders gericht op ouderen en mensen met een verstandelijke beperking\u2019, vervolgt Vink. \u2018Samen zoeken we hoe we verdere ambulantisering en krimp van klinische capaciteit goed in het netwerk kunnen opvangen zodat niemand tussen wal en schip valt. Met alle netwerkpartners werken we hier maandelijks hard aan, onder andere aan de hand van ingebrachte casu\u00efstiek.\u2019<\/p>\n<h3>als het toch misgaat<\/h3>\n<p>Net als de andere regio\u2019s is ook Flevoland vertegenwoordigd in een stuur- en werkgroep EPA (ernstig psychiatrische aandoeningen). In samenspraak met vertegenwoorders van cli\u00ebnten en naasten en met gemeenten, beschermd wonen, verslavings- en forensische zorg maken we afspraken om herstelgerichte zorgarrangementen voor onze cli\u00ebnten te realiseren.<\/p>\n<p>Schouten: \u2018De ontwikkeling van Intensive Home Treatment (IHT) draagt eraan bij dat cli\u00ebnten zo lang mogelijk in hun eigen omgeving behandeld kunnen worden. Maar als het toch misgaat dan is er een afdeling voor High Intensive Care (HIC) beschikbaar. Hierdoor kunnen cli\u00ebnten na een korte, intensieve interventie weer in hun eigen omgeving verder werken aan hun herstel.\u2019<\/p>\n<\/div><div class=\"fusion-clearfix\"><\/div><\/div><\/div><div class=\"fusion-layout-column fusion_builder_column fusion-builder-column-1 fusion_builder_column_1_2 1_2 fusion-one-half fusion-column-last\" style=\"--awb-bg-size:cover;width:48%;\"><div class=\"fusion-column-wrapper fusion-flex-column-wrapper-legacy\"><div class=\"fusion-sep-clear\"><\/div><div class=\"fusion-separator fusion-has-icon fusion-full-width-sep\" style=\"margin-left: auto;margin-right: auto;margin-top:20px;margin-bottom:30px;width:100%;\"><div class=\"fusion-separator-border sep-single sep-dotted\" style=\"--awb-height:20px;--awb-amount:20px;border-color:#e2004a;border-top-width:1px;\"><\/div><span class=\"icon-wrapper\" style=\"border-color:#e2004a;background-color:rgba(255,255,255,0);font-size:16px;width: 1.75em; height: 1.75em;border-width:1px;padding:1px;margin-top:-0.5px\"><i class=\" fa fa-quote-left\" style=\"font-size: inherit;color:#e2004a;\" aria-hidden=\"true\"><\/i><\/span><div class=\"fusion-separator-border sep-single sep-dotted\" style=\"--awb-height:20px;--awb-amount:20px;border-color:#e2004a;border-top-width:1px;\"><\/div><\/div><div class=\"fusion-sep-clear\"><\/div><div class=\"fusion-text fusion-text-3\"><h2><em>&#8220;Het organiseren van goede zorg vergt nauwe<\/em><br \/>\n<em>samenwerking met andere zorgaanbieders&#8221;<\/em><\/h2>\n<\/div><div class=\"fusion-sep-clear\"><\/div><div class=\"fusion-separator fusion-has-icon fusion-full-width-sep\" style=\"margin-left: auto;margin-right: auto;margin-top:20px;margin-bottom:30px;width:100%;\"><div class=\"fusion-separator-border sep-single sep-dotted\" style=\"--awb-height:20px;--awb-amount:20px;border-color:#e2004a;border-top-width:1px;\"><\/div><span class=\"icon-wrapper\" style=\"border-color:#e2004a;background-color:rgba(255,255,255,0);font-size:16px;width: 1.75em; height: 1.75em;border-width:1px;padding:1px;margin-top:-0.5px\"><i class=\" fa fa-quote-right\" style=\"font-size: inherit;color:#e2004a;\" aria-hidden=\"true\"><\/i><\/span><div class=\"fusion-separator-border sep-single sep-dotted\" style=\"--awb-height:20px;--awb-amount:20px;border-color:#e2004a;border-top-width:1px;\"><\/div><\/div><div class=\"fusion-sep-clear\"><\/div><div class=\"fusion-text fusion-text-4\"><h3>laagdrempelig<\/h3>\n<p>Ook aan het maatschappelijk herstel van de cli\u00ebnt is het afgelopen jaar hard gewerkt. Zo zijn er IPS-medewerkers (individuele plaatsing en steun) opgeleid die de FACT-teams gaan versterken. Zij zullen cli\u00ebnten helpen weer aan de slag te gaan en begeleiden ze richting betaald werk. Cli\u00ebnten die daar nog niet aan toe zijn kunnen terecht bij het Cli\u00ebnt Service Centrum. In dit centrum &#8211; gerund door en voor cli\u00ebnten \u2013 kunnen zij laagdrempelig met elkaar in contact komen en samen activiteiten ondernemen. Voor alle cli\u00ebnten zijn herstelwerkgroepen beschikbaar.<\/p>\n<\/div><div class=\"fusion-text fusion-text-5\"><h3>lichamelijk \u00e9n psychisch<\/h3>\n<p>In samenwerking met de ziekenhuizen in Almere en Lelystad biedt GGz Centraal ziekenhuispsychiatrie. Vink: \u2018In deze ziekenhuizen behandelen we bijvoorbeeld mensen die als gevolg van hun lichamelijke aandoening angsten of depressieve gevoelens hebben ontwikkeld. We zetten ons in voor onze liaisonfunctie: het verkleinen van de scheiding tussen de geestelijke en lichamelijke (somatische) gezondheidszorg. Zo willen we de zorg voor pati\u00ebnten met lichamelijke \u00e9n psychische aandoeningen verbeteren. We richten ons op structurele samenwerking met de medische specialisten in het ziekenhuis om zo de herkenning en behandeling van veel voorkomende psychiatrische stoornissen bij lichamelijke ziekten te optimaliseren.\u2019<\/p>\n<h3>modelgetrouw<\/h3>\n<p>\u2018Zorgen voor de toekomst?\u2019 Schouten kijkt bedenkelijk. \u2018Verdere afbouw van klinische capaciteit is in Flevoland eigenlijk niet meer mogelijk; hier zijn al weinig bedden ten opzichte van andere regio\u2019s in Nederland. We zijn er wel trots op hoe we \u2013 ondanks die geringe capaciteit &#8211; samen met onze netwerkpartners de zorg rondom onze cli\u00ebnten hebben georganiseerd. Het komend jaar gaan we verder met het modelgetrouw inrichten van onze ambulante teams, inclusief ervaringsdeskundigen en IPS\u2019ers. Alleen bij de gratie van deze teams \u00e9n een goed uitgeruste crisisdienst kunnen we de beschikbare klinische capaciteit doelmatig inzetten.\u2019<\/p>\n<\/div><div class=\"fusion-clearfix\"><\/div><\/div><\/div><\/div><\/div>\n","protected":false},"excerpt":{"rendered":"","protected":false},"author":6,"featured_media":0,"parent":0,"menu_order":0,"comment_status":"closed","ping_status":"closed","template":"","meta":{"_exactmetrics_skip_tracking":false,"_exactmetrics_sitenote_active":false,"_exactmetrics_sitenote_note":"","_exactmetrics_sitenote_category":0,"footnotes":""},"class_list":["post-201","page","type-page","status-publish","hentry"],"_links":{"self":[{"href":"https:\/\/ggzcentraal-publicatie.nl\/midden-in-de-maatschappij\/wp-json\/wp\/v2\/pages\/201","targetHints":{"allow":["GET"]}}],"collection":[{"href":"https:\/\/ggzcentraal-publicatie.nl\/midden-in-de-maatschappij\/wp-json\/wp\/v2\/pages"}],"about":[{"href":"https:\/\/ggzcentraal-publicatie.nl\/midden-in-de-maatschappij\/wp-json\/wp\/v2\/types\/page"}],"author":[{"embeddable":true,"href":"https:\/\/ggzcentraal-publicatie.nl\/midden-in-de-maatschappij\/wp-json\/wp\/v2\/users\/6"}],"replies":[{"embeddable":true,"href":"https:\/\/ggzcentraal-publicatie.nl\/midden-in-de-maatschappij\/wp-json\/wp\/v2\/comments?post=201"}],"version-history":[{"count":2,"href":"https:\/\/ggzcentraal-publicatie.nl\/midden-in-de-maatschappij\/wp-json\/wp\/v2\/pages\/201\/revisions"}],"predecessor-version":[{"id":524,"href":"https:\/\/ggzcentraal-publicatie.nl\/midden-in-de-maatschappij\/wp-json\/wp\/v2\/pages\/201\/revisions\/524"}],"wp:attachment":[{"href":"https:\/\/ggzcentraal-publicatie.nl\/midden-in-de-maatschappij\/wp-json\/wp\/v2\/media?parent=201"}],"curies":[{"name":"wp","href":"https:\/\/api.w.org\/{rel}","templated":true}]}}